{"id":2226,"date":"2023-12-23T11:12:43","date_gmt":"2023-12-23T11:12:43","guid":{"rendered":"https:\/\/sweet-chatelet.167-71-35-6.plesk.page\/?post_type=product&#038;p=2226"},"modified":"2023-12-23T11:32:55","modified_gmt":"2023-12-23T11:32:55","slug":"buono-regalo-per-degustazione-antipasti","status":"publish","type":"product","link":"https:\/\/sweet-chatelet.167-71-35-6.plesk.page\/index.php\/prodotto\/buono-regalo-per-degustazione-antipasti\/","title":{"rendered":"Buono Regalo per Degustazione Antipasti"},"content":{"rendered":"<h3 data-sanitized-data-mce-fragment=\"1\">BuonO valido per una Degustazione Antipasti<\/h3>\n<p data-sanitized-data-mce-fragment=\"1\"><em data-sanitized-data-mce-fragment=\"1\">Il buono comprende per ogni persona:<\/em><\/p>\n<p data-sanitized-data-mce-fragment=\"1\"><em data-sanitized-data-mce-fragment=\"1\">I quattro antipasti presenti nel men\u00f9 corrente del ristorante<\/em><\/p>\n<p data-sanitized-data-mce-fragment=\"1\"><em data-sanitized-data-mce-fragment=\"1\">Coperto<\/em><\/p>\n<p data-sanitized-data-mce-fragment=\"1\"><em data-sanitized-data-mce-fragment=\"1\">1 bottiglia di acqua minerale<\/em><\/p>\n<p data-sanitized-data-mce-fragment=\"1\"><em data-sanitized-data-mce-fragment=\"1\">1 caraffa di vino bianco a scelta fra Pignoletto frizzante o Verdicchio fermo (50 cl)<\/em><\/p>\n<p data-sanitized-data-mce-fragment=\"1\"><em data-sanitized-data-mce-fragment=\"1\">1 sorbetto a scelta<\/em><\/p>\n<p data-sanitized-data-mce-fragment=\"1\"><em data-sanitized-data-mce-fragment=\"1\">1 caff\u00e8<\/em><\/p>\n<p data-sanitized-data-mce-fragment=\"1\">Il buono possiede un valore facciale pari all&#8217;importo pagato e pertanto pu\u00f2 essere speso anche nell&#8217;altro ristorante rispetto al quale era stato originariamente acquistato oppure anche per un ordine alla carta di valore pari all&#8217;importo speso.<\/p>\n<p data-sanitized-data-mce-fragment=\"1\">In caso il beneficiario del buono consumi pi\u00f9 di quanto previsto dal buono dovr\u00e0 provvedere egli stesso all&#8217;integrazione, qualora invece spenda meno, il valore residuo potr\u00e0 essere speso in una successiva visita. In nessun caso l&#8217;importo dei buoni o parte di esso potr\u00e0 essere rimborsato.<\/p>\n<p data-sanitized-data-mce-fragment=\"1\">I buoni hanno validit\u00e0 6 mesi dalla data di emissione.<\/p>\n<p data-sanitized-data-mce-fragment=\"1\">\u00a0Riceverete il buono entro 24 ore dall&#8217;ordine al vostro indirizzo e-mail.<\/p>\n<p data-sanitized-data-mce-fragment=\"1\">\n","protected":false},"excerpt":{"rendered":"<p>BuonO valido per una Degustazione Antipasti Il buono comprende per ogni persona: I quattro antipasti presenti nel men\u00f9 corrente del ristorante Coperto 1 bottiglia di acqua minerale 1 caraffa di vino bianco a scelta fra Pignoletto frizzante o Verdicchio fermo&#8230;<\/p>\n","protected":false},"featured_media":2235,"comment_status":"open","ping_status":"closed","template":"","meta":[],"product_cat":[47],"product_tag":[54,53,52,51,50,49,48],"class_list":{"0":"post-2226","1":"product","2":"type-product","3":"status-publish","4":"has-post-thumbnail","6":"product_cat-buoni-regalo","7":"product_tag-buonocena","8":"product_tag-buonoregalo","9":"product_tag-giftcard","10":"product_tag-ideacompleanno","11":"product_tag-ideanatale","12":"product_tag-idearegalo","13":"product_tag-ilpesciaio","15":"first","16":"instock","17":"shipping-taxable","18":"purchasable","19":"product-type-variable"},"acf":[],"yoast_head":"<!-- This site is optimized with the Yoast SEO plugin v21.7 - https:\/\/yoast.com\/wordpress\/plugins\/seo\/ -->\n<title>Buono Regalo per Degustazione Antipasti - Il Pesciaio<\/title>\n<meta name=\"robots\" content=\"noindex, follow, max-snippet:-1, max-image-preview:large, max-video-preview:-1\" \/>\n<meta property=\"og:locale\" content=\"it_IT\" \/>\n<meta property=\"og:type\" content=\"article\" \/>\n<meta property=\"og:title\" content=\"Buono Regalo per Degustazione Antipasti - Il Pesciaio\" \/>\n<meta property=\"og:description\" content=\"BuonO valido per una Degustazione Antipasti Il buono comprende per ogni persona: I quattro antipasti presenti nel men\u00f9 corrente del ristorante Coperto 1 bottiglia di acqua minerale 1 caraffa di vino bianco a scelta fra Pignoletto frizzante o Verdicchio fermo...\" \/>\n<meta property=\"og:url\" content=\"https:\/\/sweet-chatelet.167-71-35-6.plesk.page\/index.php\/prodotto\/buono-regalo-per-degustazione-antipasti\/\" \/>\n<meta property=\"og:site_name\" content=\"Il Pesciaio\" \/>\n<meta property=\"article:modified_time\" content=\"2023-12-23T11:32:55+00:00\" \/>\n<meta property=\"og:image\" content=\"https:\/\/sweet-chatelet.167-71-35-6.plesk.page\/wp-content\/uploads\/2023.12.19_Buono-Cena_Web_Antipasti.jpg\" \/>\n\t<meta property=\"og:image:width\" content=\"1240\" \/>\n\t<meta property=\"og:image:height\" content=\"1754\" \/>\n\t<meta property=\"og:image:type\" content=\"image\/jpeg\" \/>\n<meta name=\"twitter:card\" content=\"summary_large_image\" \/>\n<meta name=\"twitter:label1\" content=\"Tempo di lettura stimato\" \/>\n\t<meta name=\"twitter:data1\" content=\"1 minuto\" \/>\n<script type=\"application\/ld+json\" class=\"yoast-schema-graph\">{\"@context\":\"https:\/\/schema.org\",\"@graph\":[{\"@type\":\"WebPage\",\"@id\":\"https:\/\/sweet-chatelet.167-71-35-6.plesk.page\/index.php\/prodotto\/buono-regalo-per-degustazione-antipasti\/\",\"url\":\"https:\/\/sweet-chatelet.167-71-35-6.plesk.page\/index.php\/prodotto\/buono-regalo-per-degustazione-antipasti\/\",\"name\":\"Buono Regalo per Degustazione Antipasti - Il Pesciaio\",\"isPartOf\":{\"@id\":\"https:\/\/sweet-chatelet.167-71-35-6.plesk.page\/#website\"},\"datePublished\":\"2023-12-23T11:12:43+00:00\",\"dateModified\":\"2023-12-23T11:32:55+00:00\",\"breadcrumb\":{\"@id\":\"https:\/\/sweet-chatelet.167-71-35-6.plesk.page\/index.php\/prodotto\/buono-regalo-per-degustazione-antipasti\/#breadcrumb\"},\"inLanguage\":\"it-IT\",\"potentialAction\":[{\"@type\":\"ReadAction\",\"target\":[\"https:\/\/sweet-chatelet.167-71-35-6.plesk.page\/index.php\/prodotto\/buono-regalo-per-degustazione-antipasti\/\"]}]},{\"@type\":\"BreadcrumbList\",\"@id\":\"https:\/\/sweet-chatelet.167-71-35-6.plesk.page\/index.php\/prodotto\/buono-regalo-per-degustazione-antipasti\/#breadcrumb\",\"itemListElement\":[{\"@type\":\"ListItem\",\"position\":1,\"name\":\"Home\",\"item\":\"https:\/\/sweet-chatelet.167-71-35-6.plesk.page\/\"},{\"@type\":\"ListItem\",\"position\":2,\"name\":\"Buono Regalo per Degustazione Antipasti\"}]},{\"@type\":\"WebSite\",\"@id\":\"https:\/\/sweet-chatelet.167-71-35-6.plesk.page\/#website\",\"url\":\"https:\/\/sweet-chatelet.167-71-35-6.plesk.page\/\",\"name\":\"Il Pesciaio\",\"description\":\"\",\"publisher\":{\"@id\":\"https:\/\/sweet-chatelet.167-71-35-6.plesk.page\/#organization\"},\"potentialAction\":[{\"@type\":\"SearchAction\",\"target\":{\"@type\":\"EntryPoint\",\"urlTemplate\":\"https:\/\/sweet-chatelet.167-71-35-6.plesk.page\/?s={search_term_string}\"},\"query-input\":\"required name=search_term_string\"}],\"inLanguage\":\"it-IT\"},{\"@type\":\"Organization\",\"@id\":\"https:\/\/sweet-chatelet.167-71-35-6.plesk.page\/#organization\",\"name\":\"Il Pesciaio\",\"url\":\"https:\/\/sweet-chatelet.167-71-35-6.plesk.page\/\",\"logo\":{\"@type\":\"ImageObject\",\"inLanguage\":\"it-IT\",\"@id\":\"https:\/\/sweet-chatelet.167-71-35-6.plesk.page\/#\/schema\/logo\/image\/\",\"url\":\"https:\/\/sweet-chatelet.167-71-35-6.plesk.page\/wp-content\/uploads\/latulipe-logo1.png\",\"contentUrl\":\"https:\/\/sweet-chatelet.167-71-35-6.plesk.page\/wp-content\/uploads\/latulipe-logo1.png\",\"width\":351,\"height\":97,\"caption\":\"Il Pesciaio\"},\"image\":{\"@id\":\"https:\/\/sweet-chatelet.167-71-35-6.plesk.page\/#\/schema\/logo\/image\/\"}}]}<\/script>\n<!-- \/ Yoast SEO plugin. -->","yoast_head_json":{"title":"Buono Regalo per Degustazione Antipasti - Il Pesciaio","robots":{"index":"noindex","follow":"follow","max-snippet":"max-snippet:-1","max-image-preview":"max-image-preview:large","max-video-preview":"max-video-preview:-1"},"og_locale":"it_IT","og_type":"article","og_title":"Buono Regalo per Degustazione Antipasti - Il Pesciaio","og_description":"BuonO valido per una Degustazione Antipasti Il buono comprende per ogni persona: I quattro antipasti presenti nel men\u00f9 corrente del ristorante Coperto 1 bottiglia di acqua minerale 1 caraffa di vino bianco a scelta fra Pignoletto frizzante o Verdicchio fermo...","og_url":"https:\/\/sweet-chatelet.167-71-35-6.plesk.page\/index.php\/prodotto\/buono-regalo-per-degustazione-antipasti\/","og_site_name":"Il Pesciaio","article_modified_time":"2023-12-23T11:32:55+00:00","og_image":[{"width":1240,"height":1754,"url":"https:\/\/sweet-chatelet.167-71-35-6.plesk.page\/wp-content\/uploads\/2023.12.19_Buono-Cena_Web_Antipasti.jpg","type":"image\/jpeg"}],"twitter_card":"summary_large_image","twitter_misc":{"Tempo di lettura stimato":"1 minuto"},"schema":{"@context":"https:\/\/schema.org","@graph":[{"@type":"WebPage","@id":"https:\/\/sweet-chatelet.167-71-35-6.plesk.page\/index.php\/prodotto\/buono-regalo-per-degustazione-antipasti\/","url":"https:\/\/sweet-chatelet.167-71-35-6.plesk.page\/index.php\/prodotto\/buono-regalo-per-degustazione-antipasti\/","name":"Buono Regalo per Degustazione Antipasti - Il Pesciaio","isPartOf":{"@id":"https:\/\/sweet-chatelet.167-71-35-6.plesk.page\/#website"},"datePublished":"2023-12-23T11:12:43+00:00","dateModified":"2023-12-23T11:32:55+00:00","breadcrumb":{"@id":"https:\/\/sweet-chatelet.167-71-35-6.plesk.page\/index.php\/prodotto\/buono-regalo-per-degustazione-antipasti\/#breadcrumb"},"inLanguage":"it-IT","potentialAction":[{"@type":"ReadAction","target":["https:\/\/sweet-chatelet.167-71-35-6.plesk.page\/index.php\/prodotto\/buono-regalo-per-degustazione-antipasti\/"]}]},{"@type":"BreadcrumbList","@id":"https:\/\/sweet-chatelet.167-71-35-6.plesk.page\/index.php\/prodotto\/buono-regalo-per-degustazione-antipasti\/#breadcrumb","itemListElement":[{"@type":"ListItem","position":1,"name":"Home","item":"https:\/\/sweet-chatelet.167-71-35-6.plesk.page\/"},{"@type":"ListItem","position":2,"name":"Buono Regalo per Degustazione Antipasti"}]},{"@type":"WebSite","@id":"https:\/\/sweet-chatelet.167-71-35-6.plesk.page\/#website","url":"https:\/\/sweet-chatelet.167-71-35-6.plesk.page\/","name":"Il Pesciaio","description":"","publisher":{"@id":"https:\/\/sweet-chatelet.167-71-35-6.plesk.page\/#organization"},"potentialAction":[{"@type":"SearchAction","target":{"@type":"EntryPoint","urlTemplate":"https:\/\/sweet-chatelet.167-71-35-6.plesk.page\/?s={search_term_string}"},"query-input":"required name=search_term_string"}],"inLanguage":"it-IT"},{"@type":"Organization","@id":"https:\/\/sweet-chatelet.167-71-35-6.plesk.page\/#organization","name":"Il Pesciaio","url":"https:\/\/sweet-chatelet.167-71-35-6.plesk.page\/","logo":{"@type":"ImageObject","inLanguage":"it-IT","@id":"https:\/\/sweet-chatelet.167-71-35-6.plesk.page\/#\/schema\/logo\/image\/","url":"https:\/\/sweet-chatelet.167-71-35-6.plesk.page\/wp-content\/uploads\/latulipe-logo1.png","contentUrl":"https:\/\/sweet-chatelet.167-71-35-6.plesk.page\/wp-content\/uploads\/latulipe-logo1.png","width":351,"height":97,"caption":"Il Pesciaio"},"image":{"@id":"https:\/\/sweet-chatelet.167-71-35-6.plesk.page\/#\/schema\/logo\/image\/"}}]}},"jetpack_sharing_enabled":true,"_links":{"self":[{"href":"https:\/\/sweet-chatelet.167-71-35-6.plesk.page\/index.php\/wp-json\/wp\/v2\/product\/2226","targetHints":{"allow":["GET"]}}],"collection":[{"href":"https:\/\/sweet-chatelet.167-71-35-6.plesk.page\/index.php\/wp-json\/wp\/v2\/product"}],"about":[{"href":"https:\/\/sweet-chatelet.167-71-35-6.plesk.page\/index.php\/wp-json\/wp\/v2\/types\/product"}],"replies":[{"embeddable":true,"href":"https:\/\/sweet-chatelet.167-71-35-6.plesk.page\/index.php\/wp-json\/wp\/v2\/comments?post=2226"}],"wp:featuredmedia":[{"embeddable":true,"href":"https:\/\/sweet-chatelet.167-71-35-6.plesk.page\/index.php\/wp-json\/wp\/v2\/media\/2235"}],"wp:attachment":[{"href":"https:\/\/sweet-chatelet.167-71-35-6.plesk.page\/index.php\/wp-json\/wp\/v2\/media?parent=2226"}],"wp:term":[{"taxonomy":"product_cat","embeddable":true,"href":"https:\/\/sweet-chatelet.167-71-35-6.plesk.page\/index.php\/wp-json\/wp\/v2\/product_cat?post=2226"},{"taxonomy":"product_tag","embeddable":true,"href":"https:\/\/sweet-chatelet.167-71-35-6.plesk.page\/index.php\/wp-json\/wp\/v2\/product_tag?post=2226"}],"curies":[{"name":"wp","href":"https:\/\/api.w.org\/{rel}","templated":true}]}}